{"id":4,"date":"2018-12-20T20:32:12","date_gmt":"2018-12-20T20:32:12","guid":{"rendered":"https:\/\/safrie.org\/?page_id=4"},"modified":"2023-08-30T00:48:14","modified_gmt":"2023-08-30T00:48:14","slug":"materialis","status":"publish","type":"page","link":"https:\/\/safrie.org\/","title":{"rendered":"Accueil"},"content":{"rendered":"<!-- wp:extendstudio\/materialis--><div  id=\"content-25\" class=\"content-8m content-section-spacing-large content-section\" style=\"background-color: #ffffff;\" data-label=\"Content\" data-id=\"content-8-materialis\" data-export-id=\"content-8-materialis\" data-category=\"content\">\n<div  class=\"gridContainer\">\n<div  class=\"row middle-sm\">\n<div  class=\"col-md-5 col-xs-12 col-sm-6 space-bottom-xs\" data-type=\"column\">\n<h1  class=\"\" style=\"text-align: right;\"><strong >Bien-fond\u00e9 de notre organisme<\/strong><\/h1>\n<\/div>\n<div  class=\"col-md-6 col-md-offset-1 col-xs-12 col-sm-6\">\n\nL\u2019adaptation des familles immigrantes et r\u00e9fugi\u00e9es aux r\u00e9alit\u00e9s de leur nouvel environnement s\u2019av\u00e8re souvent difficile et complexe.&nbsp; La pauvret\u00e9, le ch\u00f4mage, la pr\u00e9carit\u00e9 des emplois, le faible degr\u00e9 d\u2019instruction pour certains, la \u2018\u2019monoparentalit\u00e9\u2019\u2019\u2026 sont des r\u00e9alit\u00e9s \u00e9videntes au sein de ces familles.&nbsp; Plusieurs ont \u00e9galement \u00e0 conjuguer avec des s\u00e9quelles d\u00e9coulant d\u2019exp\u00e9riences traumatisantes de leur pass\u00e9.&nbsp; De ces situations d\u00e9coule une d\u00e9tresse psychologique dont souffrent plusieurs membres de ces familles.&nbsp; De plus, elles se retrouvent d\u00e9munies quant aux diverses institutions de la soci\u00e9t\u00e9 d\u2019accueil et plus particuli\u00e8rement devant les institutions scolaires.\n\nEn effet, plusieurs parents ne poss\u00e8dent pas le bagage scolaire souhaitable pour accompagner leurs enfants dans leur cheminement (ex. aide aux devoirs) et n\u2019ont pas les moyens p\u00e9cuniaires pour faire appel \u00e0 des professeurs priv\u00e9s afin de les \u00e9pauler \u00e0 domicile.\n\nMalheureusement, les \u00e9ducateurs en milieu scolaire concluent que ces parents sont n\u00e9gligents.&nbsp; \u00c0 cause du manque de soutien familial, leurs jeunes obtiennent des r\u00e9sultats m\u00e9diocres ainsi qu\u2019un classement n\u00e9gatif, \u00abcheminement particulier&nbsp;\u00bb allant m\u00eame \u00e0 la mention \u00ab&nbsp;d\u00e9ficience&nbsp;\u00bb.&nbsp; Nous assistons donc \u00e0 une incompr\u00e9hension interculturelle entre les \u00e9ducateurs et les intervenants en milieu scolaire d\u2019une part, et les familles des \u00e9l\u00e8ves immigrants d\u2019autre part.\n\nDe m\u00eame, plusieurs familles immigrantes \u00e9prouvent des difficult\u00e9s au niveau des relations parents\/enfants.&nbsp; \u00c0 titre d\u2019exemples&nbsp;:\n<ul >\n \t<li  style=\"list-style-type: none;\">\n<ul >\n \t<li >Certaines familles vivent mal la crise de l\u2019adolescence de leurs enfants, ph\u00e9nom\u00e8ne v\u00e9cu diff\u00e9remment dans la soci\u00e9t\u00e9 d\u2019origine compar\u00e9e \u00e0 la soci\u00e9t\u00e9 d\u2019accueil. Souvent, la dure confrontation g\u00e9n\u00e8re des conflits de nature parents\/enfants \u2013 adolescents.<\/li>\n<\/ul>\n<\/li>\n<\/ul>\n<ul >\n \t<li  style=\"list-style-type: none;\">\n<ul >\n \t<li >Plusieurs familles utilisent des pratiques \u00e9ducatives traditionnelles inadapt\u00e9es dans la soci\u00e9t\u00e9 d\u2019accueil voire, selon la convention internationale des droits des enfants, pour corriger les enfants&nbsp;: les enfants sont abusivement frapp\u00e9s \u00e0 l\u2019aide d\u2019objets marquant le corps. La s\u00e9curit\u00e9 et le d\u00e9veloppement psychosocial de ces enfants sont compromis!&nbsp; Il convient de noter que d\u00e9j\u00e0, certains de ces enfants ont subi un choc post-traumatique d\u00fb \u00e0 la guerre dans leur pays d\u2019origine.<\/li>\n<\/ul>\n<\/li>\n<\/ul>\n<ul >\n \t<li >La pauvret\u00e9 familiale engendre aussi des situations conflictuelles entre les enfants et les parents pour certaines familles.<\/li>\n<\/ul>\nEn somme, notre organisme a comme priorit\u00e9s:\n<ul >\n \t<li  style=\"list-style-type: none;\">\n<ul >\n \t<li >le d\u00e9veloppement sain et la r\u00e9ussite du jeune n\u00e9o-qu\u00e9b\u00e9cois dans son entourage familial, scolaire et social;<\/li>\n<\/ul>\n<\/li>\n<\/ul>\n<ul >\n \t<li  style=\"list-style-type: none;\">\n<ul >\n \t<li >le soutien apport\u00e9 aux familles immigrantes et r\u00e9fugi\u00e9es en d\u00e9tresse afin d\u2019assurer leur mieux-\u00eatre;<\/li>\n<\/ul>\n<\/li>\n<\/ul>\n<ul >\n \t<li >une accommodation sociale et multiculturelle tant pour les personnes immigrantes que pour la soci\u00e9t\u00e9 d\u2019accueil.<\/li>\n<\/ul>\n<\/div>\n<\/div>\n<\/div>\n<\/div><!-- \/wp:extendstudio\/materialis--><!-- wp:extendstudio\/materialis--><div  id=\"about-6\" class=\"about-4 content-section content-section-spacing-large\" style=\"background-color: #f5fafd;\" data-label=\"About\" data-id=\"about-4\" data-export-id=\"about-4\" data-category=\"about\">\n<div  class=\"gridContainer\">\n<div  class=\"row middle-sm text-center\">\n<div  class=\"col-sm-5 space-bottom-xs\" data-type=\"column\">\n<h5  class=\"\">Activit\u00e9s<\/h5>\n<p  class=\"\"><img  decoding=\"async\" loading=\"lazy\" class=\"img-2 rounded mdc-elevation--z10 alignnone wp-image-131 size-full\" src=\"https:\/\/safrie.org\/wp-content\/uploads\/2018\/12\/IMG_9268-min.jpg\" sizes=\"auto, (max-width: 5184px) 100vw, 5184px\" srcset=\"https:\/\/safrie.org\/wp-content\/uploads\/2018\/12\/IMG_9268-min.jpg 5184w, https:\/\/safrie.org\/wp-content\/uploads\/2018\/12\/IMG_9268-min-300x200.jpg 300w, https:\/\/safrie.org\/wp-content\/uploads\/2018\/12\/IMG_9268-min-768x512.jpg 768w, https:\/\/safrie.org\/wp-content\/uploads\/2018\/12\/IMG_9268-min-1024x683.jpg 1024w, https:\/\/safrie.org\/wp-content\/uploads\/2018\/12\/IMG_9268-min-1232x821.jpg 1232w\" alt=\"\" width=\"5184\" height=\"3456\"><\/p>\n\n<\/div>\n<div  class=\"col-sm-7 flexbox center-xs middle-xs image-group-2-img padding-top-bottom\"><img  decoding=\"async\" loading=\"lazy\" class=\"img-2 rounded mdc-elevation--z10 alignnone wp-image-132 size-full\" src=\"https:\/\/safrie.org\/wp-content\/uploads\/2018\/12\/IMG_8563-min.jpg\" sizes=\"auto, (max-width: 5184px) 100vw, 5184px\" srcset=\"https:\/\/safrie.org\/wp-content\/uploads\/2018\/12\/IMG_8563-min.jpg 5184w, https:\/\/safrie.org\/wp-content\/uploads\/2018\/12\/IMG_8563-min-300x200.jpg 300w, https:\/\/safrie.org\/wp-content\/uploads\/2018\/12\/IMG_8563-min-768x512.jpg 768w, https:\/\/safrie.org\/wp-content\/uploads\/2018\/12\/IMG_8563-min-1024x683.jpg 1024w, https:\/\/safrie.org\/wp-content\/uploads\/2018\/12\/IMG_8563-min-1232x821.jpg 1232w\" alt=\"\" width=\"5184\" height=\"3456\"><\/div>\n<\/div>\n<\/div>\n<\/div><!-- \/wp:extendstudio\/materialis--><!-- wp:extendstudio\/materialis--><div  id=\"portfolio-2\" class=\"portfolio-1-materialis content-section\" style=\"background-color: #f5fafd;\" data-label=\"Portfolio\" data-id=\"portfolio-1-materialis\" data-export-id=\"portfolio-1-materialis\" data-category=\"portfolio\">\n<div  class=\"\">\n<div  class=\"row text-center\" data-type=\"row\" data-fixed=\"true\">\n<div  class=\"col-sm-6 col-xs-12 no-gutter-col col-md-6\">\n<div  class=\"contentswap-effect contentswap-overlay\" data-hover-fx=\"portfolio-1\" style=\"float: none; margin: 0px; width: 100%;\">\n<div  class=\"initial-image\" style=\"float: none; margin: 0px;\"><img  decoding=\"async\" loading=\"lazy\" class=\"alignnone size-full wp-image-140\" src=\"https:\/\/safrie.org\/wp-content\/uploads\/2018\/12\/IMG_9328-min.jpg\" sizes=\"auto, (max-width: 5184px) 100vw, 5184px\" srcset=\"https:\/\/safrie.org\/wp-content\/uploads\/2018\/12\/IMG_9328-min.jpg 5184w, https:\/\/safrie.org\/wp-content\/uploads\/2018\/12\/IMG_9328-min-300x200.jpg 300w, https:\/\/safrie.org\/wp-content\/uploads\/2018\/12\/IMG_9328-min-768x512.jpg 768w, https:\/\/safrie.org\/wp-content\/uploads\/2018\/12\/IMG_9328-min-1024x683.jpg 1024w, https:\/\/safrie.org\/wp-content\/uploads\/2018\/12\/IMG_9328-min-1232x821.jpg 1232w\" alt=\"\" width=\"5184\" height=\"3456\"><\/div>\n<div  class=\"overlay bg-color-black\" style=\"display: block; transition: opacity 800ms ease 0s; -webkit-transition-timing-function: ease; -moz-transition-timing-function: ease; -o-transition-timing-function: ease; transition-timing-function: ease;\"><\/div>\n<div  class=\"swap-inner col-xs-12\" style=\"display: block; transition: all 800ms ease 0s; background-color: rgba(0, 0, 0, 0); margin-top: 0px;\">\n<div  class=\"row full-height-row middle-xs\">\n<div  class=\"col-xs-12 text-center white-text\">\n<h4  class=\"font-500\">\u00c9veil \u00e0 la lecture et \u00e0 l\u2019\u00e9criture<\/h4>\n<\/div>\n<\/div>\n<\/div>\n<\/div>\n<\/div>\n<div  class=\"col-sm-6 col-xs-12 no-gutter-col col-md-6\">\n<div  class=\"contentswap-effect contentswap-overlay\" data-hover-fx=\"portfolio-1\" style=\"float: none; margin: 0px; width: 100%;\">\n<div  class=\"initial-image\" style=\"float: none; margin: 0px;\"><img  decoding=\"async\" loading=\"lazy\" class=\"alignnone size-full wp-image-41\" src=\"https:\/\/safrie.org\/wp-content\/uploads\/2018\/12\/IMG_9395-min.jpg\" sizes=\"auto, (max-width: 5184px) 100vw, 5184px\" srcset=\"https:\/\/safrie.org\/wp-content\/uploads\/2018\/12\/IMG_9395-min.jpg 5184w, https:\/\/safrie.org\/wp-content\/uploads\/2018\/12\/IMG_9395-min-300x200.jpg 300w, https:\/\/safrie.org\/wp-content\/uploads\/2018\/12\/IMG_9395-min-768x512.jpg 768w, https:\/\/safrie.org\/wp-content\/uploads\/2018\/12\/IMG_9395-min-1024x683.jpg 1024w, https:\/\/safrie.org\/wp-content\/uploads\/2018\/12\/IMG_9395-min-1232x821.jpg 1232w\" alt=\"\" width=\"5184\" height=\"3456\"><\/div>\n<div  class=\"overlay bg-color-black\" style=\"display: block; transition: opacity 800ms ease 0s; -webkit-transition-timing-function: ease; -moz-transition-timing-function: ease; -o-transition-timing-function: ease; transition-timing-function: ease;\"><\/div>\n<div  class=\"swap-inner col-xs-12\" style=\"display: block; transition: all 800ms ease 0s; background-color: rgba(0, 0, 0, 0); margin-top: 0px;\">\n<div  class=\"row full-height-row middle-xs\">\n<div  class=\"col-xs-12 text-center white-text\">\n<h4  class=\"font-500\">Aide aux devoirs en groupe et \u00e0 domicile<\/h4>\n<\/div>\n<\/div>\n<\/div>\n<\/div>\n<\/div>\n<div  class=\"col-sm-6 col-xs-12 no-gutter-col col-md-6\">\n<div  class=\"contentswap-effect contentswap-overlay\" data-hover-fx=\"portfolio-1\" style=\"float: none; margin: 0px; width: 100%;\">\n<div  class=\"initial-image\" style=\"float: none; margin: 0px;\"><img  decoding=\"async\" loading=\"lazy\" class=\"alignnone size-full wp-image-142\" src=\"https:\/\/safrie.org\/wp-content\/uploads\/2018\/12\/IMG_8709-min.jpg\" sizes=\"auto, (max-width: 5184px) 100vw, 5184px\" srcset=\"https:\/\/safrie.org\/wp-content\/uploads\/2018\/12\/IMG_8709-min.jpg 5184w, https:\/\/safrie.org\/wp-content\/uploads\/2018\/12\/IMG_8709-min-300x200.jpg 300w, https:\/\/safrie.org\/wp-content\/uploads\/2018\/12\/IMG_8709-min-768x512.jpg 768w, https:\/\/safrie.org\/wp-content\/uploads\/2018\/12\/IMG_8709-min-1024x683.jpg 1024w, https:\/\/safrie.org\/wp-content\/uploads\/2018\/12\/IMG_8709-min-1232x821.jpg 1232w\" alt=\"\" width=\"5184\" height=\"3456\"><\/div>\n<div  class=\"overlay bg-color-black\" style=\"display: block; transition: opacity 800ms ease 0s; -webkit-transition-timing-function: ease; -moz-transition-timing-function: ease; -o-transition-timing-function: ease; transition-timing-function: ease;\"><\/div>\n<div  class=\"swap-inner col-xs-12\" style=\"display: block; transition: all 800ms ease 0s; background-color: rgba(0, 0, 0, 0); margin-top: 0px;\">\n<div  class=\"row full-height-row middle-xs\">\n<div  class=\"col-xs-12 text-center white-text\">\n<h4  class=\"font-500\">Activit\u00e9s familiales et interculturelles<\/h4>\n<\/div>\n<\/div>\n<\/div>\n<\/div>\n<\/div>\n<div  class=\"col-sm-6 col-xs-12 no-gutter-col col-md-6\">\n<div  class=\"contentswap-effect contentswap-overlay\" data-hover-fx=\"portfolio-1\" style=\"float: none; margin: 0px; width: 100%;\">\n<div  class=\"initial-image\" style=\"float: none; margin: 0px;\"><img  decoding=\"async\" loading=\"lazy\" class=\"alignnone size-full wp-image-144\" src=\"https:\/\/safrie.org\/wp-content\/uploads\/2018\/12\/IMG_9454-min.jpg\" sizes=\"auto, (max-width: 5184px) 100vw, 5184px\" srcset=\"https:\/\/safrie.org\/wp-content\/uploads\/2018\/12\/IMG_9454-min.jpg 5184w, https:\/\/safrie.org\/wp-content\/uploads\/2018\/12\/IMG_9454-min-300x200.jpg 300w, https:\/\/safrie.org\/wp-content\/uploads\/2018\/12\/IMG_9454-min-768x512.jpg 768w, https:\/\/safrie.org\/wp-content\/uploads\/2018\/12\/IMG_9454-min-1024x683.jpg 1024w, https:\/\/safrie.org\/wp-content\/uploads\/2018\/12\/IMG_9454-min-1232x821.jpg 1232w\" alt=\"\" width=\"5184\" height=\"3456\"><\/div>\n<div  class=\"overlay bg-color-black\" style=\"display: block; transition: opacity 800ms ease 0s; -webkit-transition-timing-function: ease; -moz-transition-timing-function: ease; -o-transition-timing-function: ease; transition-timing-function: ease;\"><\/div>\n<div  class=\"swap-inner col-xs-12\" style=\"display: block; transition: all 800ms ease 0s; background-color: rgba(0, 0, 0, 0); margin-top: 0px;\">\n<div  class=\"row full-height-row middle-xs\">\n<div  class=\"col-xs-12 text-center white-text\">\n<h4  class=\"font-500\">Atelier de communication de nature parents-enfants<\/h4>\n<\/div>\n<\/div>\n<\/div>\n<\/div>\n<\/div>\n<\/div>\n<\/div>\n<\/div><!-- \/wp:extendstudio\/materialis--><!-- wp:extendstudio\/materialis--><div  id=\"latest-news-1\" class=\"latest-news-1-materialis content-section content-section-spacing-large\" style=\"background-color: #f5fafd;\" data-label=\"Latest-news\" data-id=\"latest-news-1-materialis\" data-export-id=\"latest-news-1-materialis\" data-category=\"latest_news\">\n<div  class=\"gridContainer\">\n<div  class=\"row content-left-sm\">\n<p  style=\"text-align: center;\"><\/p>\n\n<\/div>\n<div  class=\"row\"><\/div>\n<\/div>\n<\/div><!-- \/wp:extendstudio\/materialis--><!-- wp:extendstudio\/materialis--><div  id=\"contact-1\" class=\"contact-1 content-section content-section-spacing-large content-relative white-text\" data-label=\"Contact\" data-id=\"contact-1\" data-export-id=\"contact-1\" data-category=\"contact\" data-parallax-depth=\"20\">\n<div  class=\"gridContainer\">\n<div  class=\"row text-center\">\n<div  class=\"section-title-col\" data-type=\"column\">\n<h2  class=\"\">Contactez-nous<\/h2>\n<p  class=\"\" align=\"center\">T\u00e9l\u00e9phone&nbsp;:&nbsp;&nbsp;&nbsp; 819-345-6480<\/p>\n<p  class=\"\" align=\"center\">T\u00e9l\u00e9copieur&nbsp;:&nbsp;&nbsp;&nbsp; (819) 346-4916<\/p>\n<p  class=\"\" align=\"center\">Courriel&nbsp;:&nbsp;&nbsp;&nbsp;<a  href=\"mailto:info@safrie.org\">info@safrie.org<\/a><\/p>\n<p  class=\"\" align=\"center\">Site web&nbsp;:&nbsp;<a  class=\"\" href=\"https:\/\/safrie.org\">www.safrie.org<\/a><\/p>\n<p  class=\"\" align=\"center\">Adresse postale&nbsp;: 785, rue THIBAULT, SHERBROOKE, QC, J1H 3B3<\/p>\n\n<\/div>\n<\/div>\n<div  class=\"row text-center\">\n<div  class=\"col-xs-12 col-sm-8 col-sm-offset-2 contact-form-wrapper inline-info\">\n<div  class=\"card mdc-elevation--z3 col-padding-top\">\n<div  class=\"dark-text\" data-content-shortcode=\"materialis_contact_form\" data-editable=\"true\"><p style=\"text-align:center;color:#ababab\">Contact form will be displayed here. To activate it you have to set the \"contact form shortcode\" parameter in Customizer.<\/p><\/div>\n<\/div>\n<\/div>\n<\/div>\n<\/div>\n<\/div><!-- \/wp:extendstudio\/materialis-->","protected":false},"excerpt":{"rendered":"<p>Bien-fond\u00e9 de notre organisme L\u2019adaptation des familles immigrantes et r\u00e9fugi\u00e9es aux r\u00e9alit\u00e9s de leur nouvel environnement s\u2019av\u00e8re souvent difficile et complexe.&nbsp; La pauvret\u00e9, le ch\u00f4mage, la pr\u00e9carit\u00e9 des emplois, le faible degr\u00e9 d\u2019instruction pour certains, la \u2018\u2019monoparentalit\u00e9\u2019\u2019\u2026 sont des r\u00e9alit\u00e9s \u00e9videntes au sein de ces familles.&nbsp; Plusieurs ont \u00e9galement \u00e0 conjuguer avec des s\u00e9quelles d\u00e9coulant&nbsp;&hellip;<\/p>\n","protected":false},"author":1,"featured_media":0,"parent":0,"menu_order":0,"comment_status":"closed","ping_status":"closed","template":"page-templates\/homepage.php","meta":{"footnotes":""},"class_list":["post-4","page","type-page","status-publish","hentry"],"_links":{"self":[{"href":"https:\/\/safrie.org\/index.php?rest_route=\/wp\/v2\/pages\/4","targetHints":{"allow":["GET"]}}],"collection":[{"href":"https:\/\/safrie.org\/index.php?rest_route=\/wp\/v2\/pages"}],"about":[{"href":"https:\/\/safrie.org\/index.php?rest_route=\/wp\/v2\/types\/page"}],"author":[{"embeddable":true,"href":"https:\/\/safrie.org\/index.php?rest_route=\/wp\/v2\/users\/1"}],"replies":[{"embeddable":true,"href":"https:\/\/safrie.org\/index.php?rest_route=%2Fwp%2Fv2%2Fcomments&post=4"}],"version-history":[{"count":54,"href":"https:\/\/safrie.org\/index.php?rest_route=\/wp\/v2\/pages\/4\/revisions"}],"predecessor-version":[{"id":256,"href":"https:\/\/safrie.org\/index.php?rest_route=\/wp\/v2\/pages\/4\/revisions\/256"}],"wp:attachment":[{"href":"https:\/\/safrie.org\/index.php?rest_route=%2Fwp%2Fv2%2Fmedia&parent=4"}],"curies":[{"name":"wp","href":"https:\/\/api.w.org\/{rel}","templated":true}]}}