{"id":8,"date":"2018-12-20T20:47:48","date_gmt":"2018-12-20T20:47:48","guid":{"rendered":"https:\/\/safrie.org\/?page_id=8"},"modified":"2025-02-25T21:44:09","modified_gmt":"2025-02-25T21:44:09","slug":"activites","status":"publish","type":"page","link":"https:\/\/safrie.org\/?page_id=8","title":{"rendered":"Activit\u00e9s"},"content":{"rendered":"\n<h2 class=\"wp-block-heading\"><em>Activit\u00e9s et services en cours<\/em><\/h2>\n\n\n\n<ul class=\"wp-block-list\">\n<li><strong>Aide aux devoirs\u00a0<\/strong><br><br>Ce service est offert aux jeunes immigrants et r\u00e9fugi\u00e9s fr\u00e9quentant les \u00e9coles primaires et secondaires et dont les parents n&rsquo;ont pas un bagage scolaire suffisant pour assister leurs enfants dans leurs devoirs.<br>Ce service est offert six jours par semaine, du lundi au samedi.\u00a0 Deux jours pour les s\u00e9ances en groupe et 4 jours d&rsquo;assistance \u00e0 domicile.\u00a0 Le besoin est criant!<br>Ce service est grandement appr\u00e9ci\u00e9 par les b\u00e9n\u00e9ficiaires puisque nous constatons\u00a0:<br><br><\/li>\n\n\n\n<li>L&rsquo;am\u00e9lioration des r\u00e9sultats scolaires;<\/li>\n\n\n\n<li>L&rsquo;int\u00e9gration des jeunes immigrants en adaptation scolaire vers les classes r\u00e9guli\u00e8res;<\/li>\n\n\n\n<li>Diminution des cas de d\u00e9crochage scolaire et de d\u00e9linquance juv\u00e9nile;<\/li>\n\n\n\n<li>D\u00e9veloppement d&rsquo;un sens de responsabilit\u00e9 \u00e9ducative chez les parents en processus d&rsquo;int\u00e9gration.<br><br><strong>HORAIRE dans nos 5 points de services :<\/strong><\/li>\n\n\n\n<li><strong> Pavillon du Parc Bureau<\/strong> 925, Rue Walsh<\/li>\n<\/ul>\n\n\n\n<p>          Lundi 16h30 \u00e0 18h<\/p>\n\n\n\n<ul class=\"wp-block-list\">\n<li><strong>Place Goupil<\/strong> 783, Place Goupil (OMH)<\/li>\n<\/ul>\n\n\n\n<p>          Mardi 17h \u00e0 19h<\/p>\n\n\n\n<ul class=\"wp-block-list\">\n<li><strong>Centre R\u00eave et Espoir<\/strong> 1035, Rue Genest<\/li>\n<\/ul>\n\n\n\n<p>          Mardi et Mercredi 15h30 \u00e0 18h<\/p>\n\n\n\n<ul class=\"wp-block-list\">\n<li><strong>Centre Andr\u00e9-Viger<\/strong> 3275, Rue Richard (\u00c9difice Jean-Byrn)<\/li>\n<\/ul>\n\n\n\n<p>           Jeudi 17h \u00e0 19h<\/p>\n\n\n\n<ul class=\"wp-block-list\">\n<li><strong>Bureau du SAFRIE<\/strong> 785, Rue Thibault<\/li>\n<\/ul>\n\n\n\n<p>          Vendredis 17h \u00e0 19h et Samedis 13h \u00e0 15h<\/p>\n\n\n\n<ul class=\"wp-block-list\">\n<li><strong>\u00c0 DOMICILE \/ \u00c0 DISTANCE<\/strong> (SUR DEMANDE)<\/li>\n<\/ul>\n\n\n\n<ol class=\"wp-block-list\">\n<li><strong>Liaison \u00c9cole-Famille\u00a0<\/strong><br><br><\/li>\n<\/ol>\n\n\n\n<blockquote class=\"wp-block-quote is-layout-flow wp-block-quote-is-layout-flow\">\n<p>Ce service vise \u00e0 jouer un r\u00f4le d&rsquo;interm\u00e9diaire entre les \u00e9ducateurs et les intervenants en milieu scolaire et les familles immigrantes.\u00a0 Nous visons \u00e0 diminuer l&rsquo;incompr\u00e9hension interculturelle.\u00a0 Les familles ou les intervenants du milieu scolaire peuvent faire appel \u00e0 ce service.<\/p>\n<\/blockquote>\n\n\n\n<ul class=\"wp-block-list\">\n<li><strong>\u00c9veil \u00e0 l&rsquo;\u00e9criture et \u00e0 la lecture<\/strong><\/li>\n<\/ul>\n\n\n\n<blockquote class=\"wp-block-quote is-layout-flow wp-block-quote-is-layout-flow\">\n<p>Voyant la situation socio-\u00e9conomique des familles immigrantes, nous avons mis en place cette activit\u00e9 en vue de familiariser les enfants de 3 \u00e0 5 ans avec le livre, l&rsquo;alphabet, les chiffres, les contes, la psychomotricit\u00e9. <strong>R\u00e9f\u00e9rez-vous \u00e0 l&rsquo;horaire de l&rsquo;aide aux devoirs.<\/strong><\/p>\n<\/blockquote>\n\n\n\n<ul class=\"wp-block-list\">\n<li><strong>Socialisation et motricit\u00e9 globale<\/strong><\/li>\n<\/ul>\n\n\n\n<blockquote class=\"wp-block-quote is-layout-flow wp-block-quote-is-layout-flow\">\n<p>Partant de l&rsquo;approche \u00e9cosyst\u00e9mique, nous avons mis en place des s\u00e9ances d&rsquo;activit\u00e9s physiques les fins de semaine ainsi que des activit\u00e9s de plein air pendant la saison estivale. Les enfants, les jeunes, les parents, les b\u00e9n\u00e9voles et les intervenants peuvent tous y participer. Au-del\u00e0 de bouger et de socialiser, cela permet aux jeunes de d\u00e9velopper de saines habitudes de vie, une meilleure estime de soi, de la confiance en soi, m\u00eame de la motivation aux apprentissages scolaires.<\/p>\n<\/blockquote>\n\n\n\n<ul class=\"wp-block-list\">\n<li><strong>Camp estival de jour p\u00e9dagogique<\/strong><\/li>\n<\/ul>\n\n\n\n<blockquote class=\"wp-block-quote is-layout-flow wp-block-quote-is-layout-flow\">\n<p>Nous organisons un camp de jour p\u00e9dagogique pour contrer la glissade de l\u2019\u00e9t\u00e9, c&rsquo;est \u00e0 dire att\u00e9nuer le recul estival chez les \u00e9l\u00e8ves \u00e0 risque afin d&rsquo;augmenter leurs chances de r\u00e9ussite. Les activit\u00e9s d&rsquo;apprentissage se passent dans un contexte ludique.<\/p>\n<\/blockquote>\n\n\n\n<ul class=\"wp-block-list\">\n<li><strong>Service de pr\u00e9vention et de r\u00e9solution des conflits de nature parent\/enfant &#8211; adolescent<\/strong><\/li>\n<\/ul>\n\n\n\n<blockquote class=\"wp-block-quote is-layout-flow wp-block-quote-is-layout-flow\">\n<p>Ce service s&rsquo;est d\u00e9velopp\u00e9 dans un contexte visant \u00e0 pr\u00e9venir les s\u00e9vices corporels inflig\u00e9s \u00e0 certains enfants et adolescents.\u00a0 Ce service vise la compr\u00e9hension des enjeux des deux parties\u00a0: les parents voulant garder leurs valeurs et les jeunes cherchant \u00e0 s&rsquo;assimiler \u00e0 la nouvelle culture. L&rsquo;id\u00e9al ici est de reconna\u00eetre le stade d\u00e9veloppemental de l&rsquo;enfant ou de l&rsquo;adolescent dans un entourage tant culturel que nord am\u00e9ricain. Il faut trouver un juste milieu.\u00a0\u00a0<br><br>La perte des rep\u00e8res dans l&rsquo;exercice des r\u00f4les parentaux peut engendrer des conflits voire des exc\u00e8s de violence physique et verbale envers les enfants et les adolescents.<br><\/p>\n\n\n\n<p>Applications\u00a0:<\/p>\n<\/blockquote>\n\n\n\n<ul class=\"wp-block-list\">\n<li>Ateliers de communication parent\/enfant;<\/li>\n\n\n\n<li>Interventions selon un contexte interculturel;<\/li>\n\n\n\n<li>R\u00e9f\u00e9rences et accompagnements;<\/li>\n\n\n\n<li>Conseils individuels aupr\u00e8s des jeunes et des parents;<\/li>\n\n\n\n<li>Conseils familiaux;<\/li>\n\n\n\n<li>Collaboration \u00e9troite avec le Centre Jeunesse de l&rsquo;Estrie;<\/li>\n\n\n\n<li>Visites organis\u00e9es \u00e0 domicile\u00a0<\/li>\n<\/ul>\n\n\n\n<ul class=\"wp-block-list\">\n<li><strong>Accueil et services de proximit\u00e9<\/strong><\/li>\n<\/ul>\n\n\n\n<blockquote class=\"wp-block-quote is-layout-flow wp-block-quote-is-layout-flow\">\n<p>Assistance diversifi\u00e9e pour les besoins sp\u00e9cifiques aux familles immigrantes : V\u00e9rification des documents administratifs et suivis aupr\u00e8s des services concern\u00e9s, interpr\u00e9tation, soutien virtuel, appui au processus de l&rsquo;obtention de la citoyennet\u00e9 canadienne, soutien \u00e0 l&rsquo;int\u00e9gration au march\u00e9 du travail, demandes de prestations d&rsquo;assurance emploi, etc&#8230;<\/p>\n<\/blockquote>\n\n\n\n<ul class=\"wp-block-list\">\n<li><strong>Programme d\u00e9couvre ton voisin<\/strong><\/li>\n<\/ul>\n\n\n\n<p>Cette activit\u00e9 de rapprochement interculturel vise, d&rsquo;abord,&nbsp; \u00e0 att\u00e9nuer les tensions et les conflits latents dans le voisinage des familles immigrantes et qu\u00e9b\u00e9coises vivant dans les habitations \u00e0 loyer modique et les secteurs d&rsquo;habitations \u00e0 logements multiples.Aussi, ce programme s&rsquo;int\u00e9resse&nbsp; \u00e0 la promotion interculturelle&nbsp; des jeunes et des femmes.&nbsp;<br><br>Une \u00e9ducation interculturelle pr\u00e9ventive et conciliante se r\u00e9alise \u00e0 partir de&nbsp;:<\/p>\n\n\n\n<ul class=\"wp-block-list\">\n<li>S\u00e9ances de partage d&rsquo;exp\u00e9rience;<\/li>\n\n\n\n<li>Des ateliers th\u00e9matiques;<\/li>\n\n\n\n<li>Des petits spectacles humoristiques, jeux de r\u00f4les;<\/li>\n\n\n\n<li>Des d\u00e9gustations de repas multiculturel<br><\/li>\n<\/ul>\n\n\n\n<ul class=\"wp-block-list\">\n<li><strong>Service de r\u00e9f\u00e9rence et d&rsquo;accompagnement<\/strong><\/li>\n<\/ul>\n\n\n\n<blockquote class=\"wp-block-quote is-layout-flow wp-block-quote-is-layout-flow\">\n<p>Ce service vise \u00e0 orienter et accompagner les familles en d\u00e9tresse vers les ressources ou organismes du milieu pouvant r\u00e9pondre aux besoins exprim\u00e9s.\u00a0 Selon les cas, nous pouvons servir d&rsquo;interpr\u00e8te.<\/p>\n<\/blockquote>\n\n\n\n<p><\/p>\n","protected":false},"excerpt":{"rendered":"<p>Activit\u00e9s et services en cours Lundi 16h30 \u00e0 18h Mardi 17h \u00e0 19h Mardi et Mercredi 15h30 \u00e0 18h Jeudi 17h \u00e0 19h Vendredis 17h \u00e0 19h et Samedis 13h \u00e0 15h Ce service vise \u00e0 jouer un r\u00f4le d&rsquo;interm\u00e9diaire entre les \u00e9ducateurs et les intervenants en milieu scolaire et les familles immigrantes.\u00a0 Nous visons&nbsp;&hellip;<\/p>\n","protected":false},"author":1,"featured_media":0,"parent":0,"menu_order":0,"comment_status":"closed","ping_status":"closed","template":"","meta":{"footnotes":""},"class_list":["post-8","page","type-page","status-publish","hentry"],"_links":{"self":[{"href":"https:\/\/safrie.org\/index.php?rest_route=\/wp\/v2\/pages\/8","targetHints":{"allow":["GET"]}}],"collection":[{"href":"https:\/\/safrie.org\/index.php?rest_route=\/wp\/v2\/pages"}],"about":[{"href":"https:\/\/safrie.org\/index.php?rest_route=\/wp\/v2\/types\/page"}],"author":[{"embeddable":true,"href":"https:\/\/safrie.org\/index.php?rest_route=\/wp\/v2\/users\/1"}],"replies":[{"embeddable":true,"href":"https:\/\/safrie.org\/index.php?rest_route=%2Fwp%2Fv2%2Fcomments&post=8"}],"version-history":[{"count":16,"href":"https:\/\/safrie.org\/index.php?rest_route=\/wp\/v2\/pages\/8\/revisions"}],"predecessor-version":[{"id":261,"href":"https:\/\/safrie.org\/index.php?rest_route=\/wp\/v2\/pages\/8\/revisions\/261"}],"wp:attachment":[{"href":"https:\/\/safrie.org\/index.php?rest_route=%2Fwp%2Fv2%2Fmedia&parent=8"}],"curies":[{"name":"wp","href":"https:\/\/api.w.org\/{rel}","templated":true}]}}